{"id":1311,"date":"2026-03-09T19:18:19","date_gmt":"2026-03-09T18:18:19","guid":{"rendered":"https:\/\/drop-fb.com\/versandarten\/"},"modified":"2026-03-09T20:42:53","modified_gmt":"2026-03-09T19:42:53","slug":"versand","status":"publish","type":"page","link":"https:\/\/drop-fb.com\/en\/versand\/","title":{"rendered":"Versandarten"},"content":{"rendered":"<div data-elementor-type=\"wp-page\" data-elementor-id=\"1311\" class=\"elementor elementor-1311\" data-elementor-post-type=\"page\">\n\t\t\t\t<div class=\"elementor-element elementor-element-8b02fdb e-flex e-con-boxed e-con e-parent\" data-id=\"8b02fdb\" data-element_type=\"container\" data-e-type=\"container\">\n\t\t\t\t\t<div class=\"e-con-inner\">\n\t\t\t\t<div class=\"elementor-element elementor-element-f9a4965 elementor-widget elementor-widget-heading\" data-id=\"f9a4965\" data-element_type=\"widget\" data-e-type=\"widget\" data-widget_type=\"heading.default\">\n\t\t\t\t<div class=\"elementor-widget-container\">\n\t\t\t\t\t<h1 class=\"elementor-heading-title elementor-size-default\">Versandarten<\/h1>\t\t\t\t<\/div>\n\t\t\t\t<\/div>\n\t\t\t\t<div class=\"elementor-element elementor-element-033bc58 elementor-widget elementor-widget-heading\" data-id=\"033bc58\" data-element_type=\"widget\" data-e-type=\"widget\" data-widget_type=\"heading.default\">\n\t\t\t\t<div class=\"elementor-widget-container\">\n\t\t\t\t\t<h2 class=\"elementor-heading-title elementor-size-default\">Wir versenden deine Bestellung ehestm\u00f6glich nach Zahlungseingang mit dem schnellstm\u00f6glichen verf\u00fcgbaren Versanddienstleister.<\/h2>\t\t\t\t<\/div>\n\t\t\t\t<\/div>\n\t\t\t\t<div class=\"elementor-element elementor-element-eae04c9 elementor-widget elementor-widget-text-editor\" data-id=\"eae04c9\" data-element_type=\"widget\" data-e-type=\"widget\" data-widget_type=\"text-editor.default\">\n\t\t\t\t<div class=\"elementor-widget-container\">\n\t\t\t\t\t\t\t\t\t<p>Unser Ziel ist es, dass dein Paket so schnell und sicher wie m\u00f6glich bei dir ankommt. Sobald deine Bestellung versendet wurde, erh\u00e4ltst du eine Versandbest\u00e4tigung per E\u2011Mail mit allen relevanten Informationen.<br \/><br \/>Der Versand erfolgt innerhalb \u00d6sterreichs und der EU. Die genauen Lieferzeiten k\u00f6nnen je nach Zielort variieren.<br \/><br \/>Bei Fragen zum Versand oder zur Sendungsverfolgung erreichst du uns jederzeit unter <a href=\"mailto:office@drop-fb.com\">office@drop-fb.com<\/a>.<\/p>\t\t\t\t\t\t\t\t<\/div>\n\t\t\t\t<\/div>\n\t\t\t\t\t<\/div>\n\t\t\t\t<\/div>\n\t\t\t\t<\/div>","protected":false},"excerpt":{"rendered":"<p>Versandarten Wir versenden deine Bestellung ehestm\u00f6glich nach Zahlungseingang mit dem schnellstm\u00f6glichen verf\u00fcgbaren Versanddienstleister. Unser Ziel ist es, dass dein Paket so schnell und sicher wie m\u00f6glich bei dir ankommt. Sobald deine Bestellung versendet wurde, erh\u00e4ltst du eine Versandbest\u00e4tigung per E\u2011Mail mit allen relevanten Informationen. Der Versand erfolgt innerhalb \u00d6sterreichs und der EU. Die genauen Lieferzeiten [&hellip;]<\/p>\n","protected":false},"author":5,"featured_media":0,"parent":0,"menu_order":0,"comment_status":"closed","ping_status":"closed","template":"","meta":{"footnotes":""},"class_list":["post-1311","page","type-page","status-publish","hentry"],"yoast_head":"<!-- This site is optimized with the Yoast SEO plugin v27.4 - https:\/\/yoast.com\/product\/yoast-seo-wordpress\/ -->\n<title>Versandarten | Drop Fingerboarding<\/title>\n<meta name=\"description\" content=\"Wir versenden deine Bestellung ehestm\u00f6glich nach Zahlungseingang mit dem schnellstm\u00f6glichen verf\u00fcgbaren Versanddienstleister.\" \/>\n<meta name=\"robots\" content=\"index, follow, max-snippet:-1, max-image-preview:large, max-video-preview:-1\" \/>\n<link rel=\"canonical\" href=\"https:\/\/drop-fb.com\/en\/versand\/\" \/>\n<meta property=\"og:locale\" content=\"en_GB\" \/>\n<meta property=\"og:type\" content=\"article\" \/>\n<meta property=\"og:title\" content=\"Versandarten | Drop Fingerboarding\" \/>\n<meta property=\"og:description\" content=\"Wir versenden deine Bestellung ehestm\u00f6glich nach Zahlungseingang mit dem schnellstm\u00f6glichen verf\u00fcgbaren Versanddienstleister.\" \/>\n<meta property=\"og:url\" content=\"https:\/\/drop-fb.com\/en\/versand\/\" \/>\n<meta property=\"og:site_name\" content=\"Drop Fingerboarding\" \/>\n<meta property=\"article:modified_time\" content=\"2026-03-09T19:42:53+00:00\" \/>\n<meta name=\"twitter:card\" content=\"summary_large_image\" \/>\n<meta name=\"twitter:label1\" content=\"Estimated reading time\" \/>\n\t<meta name=\"twitter:data1\" content=\"1 minute\" \/>\n<script type=\"application\/ld+json\" class=\"yoast-schema-graph\">{\"@context\":\"https:\\\/\\\/schema.org\",\"@graph\":[{\"@type\":\"WebPage\",\"@id\":\"https:\\\/\\\/drop-fb.com\\\/versand\\\/\",\"url\":\"https:\\\/\\\/drop-fb.com\\\/versand\\\/\",\"name\":\"Versandarten | Drop Fingerboarding\",\"isPartOf\":{\"@id\":\"https:\\\/\\\/drop-fb.com\\\/#website\"},\"datePublished\":\"2026-03-09T18:18:19+00:00\",\"dateModified\":\"2026-03-09T19:42:53+00:00\",\"description\":\"Wir versenden deine Bestellung ehestm\u00f6glich nach Zahlungseingang mit dem schnellstm\u00f6glichen verf\u00fcgbaren Versanddienstleister.\",\"breadcrumb\":{\"@id\":\"https:\\\/\\\/drop-fb.com\\\/versand\\\/#breadcrumb\"},\"inLanguage\":\"en-GB\",\"potentialAction\":[{\"@type\":\"ReadAction\",\"target\":[\"https:\\\/\\\/drop-fb.com\\\/versand\\\/\"]}]},{\"@type\":\"BreadcrumbList\",\"@id\":\"https:\\\/\\\/drop-fb.com\\\/versand\\\/#breadcrumb\",\"itemListElement\":[{\"@type\":\"ListItem\",\"position\":1,\"name\":\"Home\",\"item\":\"https:\\\/\\\/drop-fb.com\\\/\"},{\"@type\":\"ListItem\",\"position\":2,\"name\":\"Versandarten\"}]},{\"@type\":\"WebSite\",\"@id\":\"https:\\\/\\\/drop-fb.com\\\/#website\",\"url\":\"https:\\\/\\\/drop-fb.com\\\/\",\"name\":\"Drop Fingerboarding\",\"description\":\"Nummer #1 Anlaufstelle in \u00d6sterreich f\u00fcr Fingerboarding\",\"publisher\":{\"@id\":\"https:\\\/\\\/drop-fb.com\\\/#organization\"},\"potentialAction\":[{\"@type\":\"SearchAction\",\"target\":{\"@type\":\"EntryPoint\",\"urlTemplate\":\"https:\\\/\\\/drop-fb.com\\\/?s={search_term_string}\"},\"query-input\":{\"@type\":\"PropertyValueSpecification\",\"valueRequired\":true,\"valueName\":\"search_term_string\"}}],\"inLanguage\":\"en-GB\"},{\"@type\":\"Organization\",\"@id\":\"https:\\\/\\\/drop-fb.com\\\/#organization\",\"name\":\"Drop Fingerboarding\",\"url\":\"https:\\\/\\\/drop-fb.com\\\/\",\"logo\":{\"@type\":\"ImageObject\",\"inLanguage\":\"en-GB\",\"@id\":\"https:\\\/\\\/drop-fb.com\\\/#\\\/schema\\\/logo\\\/image\\\/\",\"url\":\"https:\\\/\\\/drop-fb.com\\\/wp-content\\\/uploads\\\/drop-logo-scaled.jpg\",\"contentUrl\":\"https:\\\/\\\/drop-fb.com\\\/wp-content\\\/uploads\\\/drop-logo-scaled.jpg\",\"width\":2560,\"height\":2560,\"caption\":\"Drop Fingerboarding\"},\"image\":{\"@id\":\"https:\\\/\\\/drop-fb.com\\\/#\\\/schema\\\/logo\\\/image\\\/\"}}]}<\/script>\n<!-- \/ Yoast SEO plugin. -->","yoast_head_json":{"title":"Versandarten | Drop Fingerboarding","description":"Wir versenden deine Bestellung ehestm\u00f6glich nach Zahlungseingang mit dem schnellstm\u00f6glichen verf\u00fcgbaren Versanddienstleister.","robots":{"index":"index","follow":"follow","max-snippet":"max-snippet:-1","max-image-preview":"max-image-preview:large","max-video-preview":"max-video-preview:-1"},"canonical":"https:\/\/drop-fb.com\/en\/versand\/","og_locale":"en_GB","og_type":"article","og_title":"Versandarten | Drop Fingerboarding","og_description":"Wir versenden deine Bestellung ehestm\u00f6glich nach Zahlungseingang mit dem schnellstm\u00f6glichen verf\u00fcgbaren Versanddienstleister.","og_url":"https:\/\/drop-fb.com\/en\/versand\/","og_site_name":"Drop Fingerboarding","article_modified_time":"2026-03-09T19:42:53+00:00","twitter_card":"summary_large_image","twitter_misc":{"Estimated reading time":"1 minute"},"schema":{"@context":"https:\/\/schema.org","@graph":[{"@type":"WebPage","@id":"https:\/\/drop-fb.com\/versand\/","url":"https:\/\/drop-fb.com\/versand\/","name":"Versandarten | Drop Fingerboarding","isPartOf":{"@id":"https:\/\/drop-fb.com\/#website"},"datePublished":"2026-03-09T18:18:19+00:00","dateModified":"2026-03-09T19:42:53+00:00","description":"Wir versenden deine Bestellung ehestm\u00f6glich nach Zahlungseingang mit dem schnellstm\u00f6glichen verf\u00fcgbaren Versanddienstleister.","breadcrumb":{"@id":"https:\/\/drop-fb.com\/versand\/#breadcrumb"},"inLanguage":"en-GB","potentialAction":[{"@type":"ReadAction","target":["https:\/\/drop-fb.com\/versand\/"]}]},{"@type":"BreadcrumbList","@id":"https:\/\/drop-fb.com\/versand\/#breadcrumb","itemListElement":[{"@type":"ListItem","position":1,"name":"Home","item":"https:\/\/drop-fb.com\/"},{"@type":"ListItem","position":2,"name":"Versandarten"}]},{"@type":"WebSite","@id":"https:\/\/drop-fb.com\/#website","url":"https:\/\/drop-fb.com\/","name":"Drop Fingerboarding","description":"Nummer #1 Anlaufstelle in \u00d6sterreich f\u00fcr Fingerboarding","publisher":{"@id":"https:\/\/drop-fb.com\/#organization"},"potentialAction":[{"@type":"SearchAction","target":{"@type":"EntryPoint","urlTemplate":"https:\/\/drop-fb.com\/?s={search_term_string}"},"query-input":{"@type":"PropertyValueSpecification","valueRequired":true,"valueName":"search_term_string"}}],"inLanguage":"en-GB"},{"@type":"Organization","@id":"https:\/\/drop-fb.com\/#organization","name":"Drop Fingerboarding","url":"https:\/\/drop-fb.com\/","logo":{"@type":"ImageObject","inLanguage":"en-GB","@id":"https:\/\/drop-fb.com\/#\/schema\/logo\/image\/","url":"https:\/\/drop-fb.com\/wp-content\/uploads\/drop-logo-scaled.jpg","contentUrl":"https:\/\/drop-fb.com\/wp-content\/uploads\/drop-logo-scaled.jpg","width":2560,"height":2560,"caption":"Drop Fingerboarding"},"image":{"@id":"https:\/\/drop-fb.com\/#\/schema\/logo\/image\/"}}]}},"_links":{"self":[{"href":"https:\/\/drop-fb.com\/en\/wp-json\/wp\/v2\/pages\/1311","targetHints":{"allow":["GET"]}}],"collection":[{"href":"https:\/\/drop-fb.com\/en\/wp-json\/wp\/v2\/pages"}],"about":[{"href":"https:\/\/drop-fb.com\/en\/wp-json\/wp\/v2\/types\/page"}],"author":[{"embeddable":true,"href":"https:\/\/drop-fb.com\/en\/wp-json\/wp\/v2\/users\/5"}],"replies":[{"embeddable":true,"href":"https:\/\/drop-fb.com\/en\/wp-json\/wp\/v2\/comments?post=1311"}],"version-history":[{"count":4,"href":"https:\/\/drop-fb.com\/en\/wp-json\/wp\/v2\/pages\/1311\/revisions"}],"predecessor-version":[{"id":1342,"href":"https:\/\/drop-fb.com\/en\/wp-json\/wp\/v2\/pages\/1311\/revisions\/1342"}],"wp:attachment":[{"href":"https:\/\/drop-fb.com\/en\/wp-json\/wp\/v2\/media?parent=1311"}],"curies":[{"name":"wp","href":"https:\/\/api.w.org\/{rel}","templated":true}]}}