{"id":1312,"date":"2026-03-09T19:18:20","date_gmt":"2026-03-09T18:18:20","guid":{"rendered":"https:\/\/drop-fb.com\/bezahlmoeglichkeiten\/"},"modified":"2026-03-09T19:59:59","modified_gmt":"2026-03-09T18:59:59","slug":"bezahlmoeglichkeiten","status":"publish","type":"page","link":"https:\/\/drop-fb.com\/en\/bezahlmoeglichkeiten\/","title":{"rendered":"Zahlungsarten"},"content":{"rendered":"<div data-elementor-type=\"wp-page\" data-elementor-id=\"1312\" class=\"elementor elementor-1312\" data-elementor-post-type=\"page\">\n\t\t\t\t<div class=\"elementor-element elementor-element-461c328d e-flex e-con-boxed e-con e-parent\" data-id=\"461c328d\" data-element_type=\"container\" data-e-type=\"container\">\n\t\t\t\t\t<div class=\"e-con-inner\">\n\t\t\t\t<div class=\"elementor-element elementor-element-6976a6e elementor-widget elementor-widget-heading\" data-id=\"6976a6e\" data-element_type=\"widget\" data-e-type=\"widget\" data-widget_type=\"heading.default\">\n\t\t\t\t<div class=\"elementor-widget-container\">\n\t\t\t\t\t<h1 class=\"elementor-heading-title elementor-size-default\">Zahlungsarten<\/h1>\t\t\t\t<\/div>\n\t\t\t\t<\/div>\n\t\t\t\t<div class=\"elementor-element elementor-element-76cce28 elementor-widget elementor-widget-heading\" data-id=\"76cce28\" data-element_type=\"widget\" data-e-type=\"widget\" data-widget_type=\"heading.default\">\n\t\t\t\t<div class=\"elementor-widget-container\">\n\t\t\t\t\t<h2 class=\"elementor-heading-title elementor-size-default\">Bei uns kannst du sicher und unkompliziert mit folgenden Zahlungsmethoden bezahlen:<\/h2>\t\t\t\t<\/div>\n\t\t\t\t<\/div>\n\t\t\t\t<div class=\"elementor-element elementor-element-578a97e elementor-widget elementor-widget-text-editor\" data-id=\"578a97e\" data-element_type=\"widget\" data-e-type=\"widget\" data-widget_type=\"text-editor.default\">\n\t\t\t\t<div class=\"elementor-widget-container\">\n\t\t\t\t\t\t\t\t\t<ul><li><strong>Klarna<\/strong> \u2013 Bezahle bequem per Sofort\u00fcberweisung oder in Raten (je nach Verf\u00fcgbarkeit).<br \/><br \/><\/li><li><strong>Kreditkarte<\/strong> \u2013 Wir akzeptieren Visa, MasterCard und American Express.<br \/><br \/><\/li><li><strong>Google Pay<\/strong> \u2013 Schnelle Zahlung \u00fcber dein Smartphone oder Browser.<br \/><br \/><\/li><li><strong>EPS<\/strong> \u2013 Direkte Online-\u00dcberweisung f\u00fcr Kund:innen \u00f6sterreichischer Banken.<br \/><br \/><\/li><li><strong>Direkt\u00fcberweisung<\/strong> \u2013 Klassische Bank\u00fcberweisung auf unser Konto.<br \/><br \/><\/li><li><strong>Nachnahme<\/strong> \u2013 Bezahlung direkt beim Empfang des Pakets (zus\u00e4tzliche Nachnahmegeb\u00fchr m\u00f6glich).<\/li><\/ul><p><br \/>Alle Zahlungen werden verschl\u00fcsselt und sicher verarbeitet. Deine Zahlungsdaten werden nicht von uns gespeichert oder weitergegeben.<\/p><p>Der Versand erfolgt nach erfolgreichem Zahlungseingang bzw. bei Nachnahme nach Versandbest\u00e4tigung.<\/p><p>Bei Fragen zu deiner Zahlung oder Bestellung erreichst du uns unter <a href=\"mailto:office@drop-fb.com\">office@drop-fb.com<\/a>.<\/p>\t\t\t\t\t\t\t\t<\/div>\n\t\t\t\t<\/div>\n\t\t\t\t\t<\/div>\n\t\t\t\t<\/div>\n\t\t\t\t<\/div>","protected":false},"excerpt":{"rendered":"<p>Zahlungsarten Bei uns kannst du sicher und unkompliziert mit folgenden Zahlungsmethoden bezahlen: Klarna \u2013 Bezahle bequem per Sofort\u00fcberweisung oder in Raten (je nach Verf\u00fcgbarkeit). Kreditkarte \u2013 Wir akzeptieren Visa, MasterCard und American Express. Google Pay \u2013 Schnelle Zahlung \u00fcber dein Smartphone oder Browser. EPS \u2013 Direkte Online-\u00dcberweisung f\u00fcr Kund:innen \u00f6sterreichischer Banken. Direkt\u00fcberweisung \u2013 Klassische Bank\u00fcberweisung [&hellip;]<\/p>\n","protected":false},"author":5,"featured_media":0,"parent":0,"menu_order":0,"comment_status":"closed","ping_status":"closed","template":"","meta":{"footnotes":""},"class_list":["post-1312","page","type-page","status-publish","hentry"],"yoast_head":"<!-- This site is optimized with the Yoast SEO plugin v27.4 - https:\/\/yoast.com\/product\/yoast-seo-wordpress\/ -->\n<title>Zahlungsarten | Drop Fingerboarding<\/title>\n<meta name=\"description\" content=\"Alle Zahlungen werden verschl\u00fcsselt und sicher verarbeitet. Deine Zahlungsdaten werden nicht von uns gespeichert oder weitergegeben.\" \/>\n<meta name=\"robots\" content=\"index, follow, max-snippet:-1, max-image-preview:large, max-video-preview:-1\" \/>\n<link rel=\"canonical\" href=\"https:\/\/drop-fb.com\/en\/bezahlmoeglichkeiten\/\" \/>\n<meta property=\"og:locale\" content=\"en_GB\" \/>\n<meta property=\"og:type\" content=\"article\" \/>\n<meta property=\"og:title\" content=\"Zahlungsarten | Drop Fingerboarding\" \/>\n<meta property=\"og:description\" content=\"Alle Zahlungen werden verschl\u00fcsselt und sicher verarbeitet. Deine Zahlungsdaten werden nicht von uns gespeichert oder weitergegeben.\" \/>\n<meta property=\"og:url\" content=\"https:\/\/drop-fb.com\/en\/bezahlmoeglichkeiten\/\" \/>\n<meta property=\"og:site_name\" content=\"Drop Fingerboarding\" \/>\n<meta property=\"article:modified_time\" content=\"2026-03-09T18:59:59+00:00\" \/>\n<meta name=\"twitter:card\" content=\"summary_large_image\" \/>\n<meta name=\"twitter:label1\" content=\"Estimated reading time\" \/>\n\t<meta name=\"twitter:data1\" content=\"1 minute\" \/>\n<script type=\"application\/ld+json\" class=\"yoast-schema-graph\">{\"@context\":\"https:\\\/\\\/schema.org\",\"@graph\":[{\"@type\":\"WebPage\",\"@id\":\"https:\\\/\\\/drop-fb.com\\\/bezahlmoeglichkeiten\\\/\",\"url\":\"https:\\\/\\\/drop-fb.com\\\/bezahlmoeglichkeiten\\\/\",\"name\":\"Zahlungsarten | Drop Fingerboarding\",\"isPartOf\":{\"@id\":\"https:\\\/\\\/drop-fb.com\\\/#website\"},\"datePublished\":\"2026-03-09T18:18:20+00:00\",\"dateModified\":\"2026-03-09T18:59:59+00:00\",\"description\":\"Alle Zahlungen werden verschl\u00fcsselt und sicher verarbeitet. Deine Zahlungsdaten werden nicht von uns gespeichert oder weitergegeben.\",\"breadcrumb\":{\"@id\":\"https:\\\/\\\/drop-fb.com\\\/bezahlmoeglichkeiten\\\/#breadcrumb\"},\"inLanguage\":\"en-GB\",\"potentialAction\":[{\"@type\":\"ReadAction\",\"target\":[\"https:\\\/\\\/drop-fb.com\\\/bezahlmoeglichkeiten\\\/\"]}]},{\"@type\":\"BreadcrumbList\",\"@id\":\"https:\\\/\\\/drop-fb.com\\\/bezahlmoeglichkeiten\\\/#breadcrumb\",\"itemListElement\":[{\"@type\":\"ListItem\",\"position\":1,\"name\":\"Home\",\"item\":\"https:\\\/\\\/drop-fb.com\\\/\"},{\"@type\":\"ListItem\",\"position\":2,\"name\":\"Zahlungsarten\"}]},{\"@type\":\"WebSite\",\"@id\":\"https:\\\/\\\/drop-fb.com\\\/#website\",\"url\":\"https:\\\/\\\/drop-fb.com\\\/\",\"name\":\"Drop Fingerboarding\",\"description\":\"Nummer #1 Anlaufstelle in \u00d6sterreich f\u00fcr Fingerboarding\",\"publisher\":{\"@id\":\"https:\\\/\\\/drop-fb.com\\\/#organization\"},\"potentialAction\":[{\"@type\":\"SearchAction\",\"target\":{\"@type\":\"EntryPoint\",\"urlTemplate\":\"https:\\\/\\\/drop-fb.com\\\/?s={search_term_string}\"},\"query-input\":{\"@type\":\"PropertyValueSpecification\",\"valueRequired\":true,\"valueName\":\"search_term_string\"}}],\"inLanguage\":\"en-GB\"},{\"@type\":\"Organization\",\"@id\":\"https:\\\/\\\/drop-fb.com\\\/#organization\",\"name\":\"Drop Fingerboarding\",\"url\":\"https:\\\/\\\/drop-fb.com\\\/\",\"logo\":{\"@type\":\"ImageObject\",\"inLanguage\":\"en-GB\",\"@id\":\"https:\\\/\\\/drop-fb.com\\\/#\\\/schema\\\/logo\\\/image\\\/\",\"url\":\"https:\\\/\\\/drop-fb.com\\\/wp-content\\\/uploads\\\/drop-logo-scaled.jpg\",\"contentUrl\":\"https:\\\/\\\/drop-fb.com\\\/wp-content\\\/uploads\\\/drop-logo-scaled.jpg\",\"width\":2560,\"height\":2560,\"caption\":\"Drop Fingerboarding\"},\"image\":{\"@id\":\"https:\\\/\\\/drop-fb.com\\\/#\\\/schema\\\/logo\\\/image\\\/\"}}]}<\/script>\n<!-- \/ Yoast SEO plugin. -->","yoast_head_json":{"title":"Zahlungsarten | Drop Fingerboarding","description":"Alle Zahlungen werden verschl\u00fcsselt und sicher verarbeitet. Deine Zahlungsdaten werden nicht von uns gespeichert oder weitergegeben.","robots":{"index":"index","follow":"follow","max-snippet":"max-snippet:-1","max-image-preview":"max-image-preview:large","max-video-preview":"max-video-preview:-1"},"canonical":"https:\/\/drop-fb.com\/en\/bezahlmoeglichkeiten\/","og_locale":"en_GB","og_type":"article","og_title":"Zahlungsarten | Drop Fingerboarding","og_description":"Alle Zahlungen werden verschl\u00fcsselt und sicher verarbeitet. Deine Zahlungsdaten werden nicht von uns gespeichert oder weitergegeben.","og_url":"https:\/\/drop-fb.com\/en\/bezahlmoeglichkeiten\/","og_site_name":"Drop Fingerboarding","article_modified_time":"2026-03-09T18:59:59+00:00","twitter_card":"summary_large_image","twitter_misc":{"Estimated reading time":"1 minute"},"schema":{"@context":"https:\/\/schema.org","@graph":[{"@type":"WebPage","@id":"https:\/\/drop-fb.com\/bezahlmoeglichkeiten\/","url":"https:\/\/drop-fb.com\/bezahlmoeglichkeiten\/","name":"Zahlungsarten | Drop Fingerboarding","isPartOf":{"@id":"https:\/\/drop-fb.com\/#website"},"datePublished":"2026-03-09T18:18:20+00:00","dateModified":"2026-03-09T18:59:59+00:00","description":"Alle Zahlungen werden verschl\u00fcsselt und sicher verarbeitet. Deine Zahlungsdaten werden nicht von uns gespeichert oder weitergegeben.","breadcrumb":{"@id":"https:\/\/drop-fb.com\/bezahlmoeglichkeiten\/#breadcrumb"},"inLanguage":"en-GB","potentialAction":[{"@type":"ReadAction","target":["https:\/\/drop-fb.com\/bezahlmoeglichkeiten\/"]}]},{"@type":"BreadcrumbList","@id":"https:\/\/drop-fb.com\/bezahlmoeglichkeiten\/#breadcrumb","itemListElement":[{"@type":"ListItem","position":1,"name":"Home","item":"https:\/\/drop-fb.com\/"},{"@type":"ListItem","position":2,"name":"Zahlungsarten"}]},{"@type":"WebSite","@id":"https:\/\/drop-fb.com\/#website","url":"https:\/\/drop-fb.com\/","name":"Drop Fingerboarding","description":"Nummer #1 Anlaufstelle in \u00d6sterreich f\u00fcr Fingerboarding","publisher":{"@id":"https:\/\/drop-fb.com\/#organization"},"potentialAction":[{"@type":"SearchAction","target":{"@type":"EntryPoint","urlTemplate":"https:\/\/drop-fb.com\/?s={search_term_string}"},"query-input":{"@type":"PropertyValueSpecification","valueRequired":true,"valueName":"search_term_string"}}],"inLanguage":"en-GB"},{"@type":"Organization","@id":"https:\/\/drop-fb.com\/#organization","name":"Drop Fingerboarding","url":"https:\/\/drop-fb.com\/","logo":{"@type":"ImageObject","inLanguage":"en-GB","@id":"https:\/\/drop-fb.com\/#\/schema\/logo\/image\/","url":"https:\/\/drop-fb.com\/wp-content\/uploads\/drop-logo-scaled.jpg","contentUrl":"https:\/\/drop-fb.com\/wp-content\/uploads\/drop-logo-scaled.jpg","width":2560,"height":2560,"caption":"Drop Fingerboarding"},"image":{"@id":"https:\/\/drop-fb.com\/#\/schema\/logo\/image\/"}}]}},"_links":{"self":[{"href":"https:\/\/drop-fb.com\/en\/wp-json\/wp\/v2\/pages\/1312","targetHints":{"allow":["GET"]}}],"collection":[{"href":"https:\/\/drop-fb.com\/en\/wp-json\/wp\/v2\/pages"}],"about":[{"href":"https:\/\/drop-fb.com\/en\/wp-json\/wp\/v2\/types\/page"}],"author":[{"embeddable":true,"href":"https:\/\/drop-fb.com\/en\/wp-json\/wp\/v2\/users\/5"}],"replies":[{"embeddable":true,"href":"https:\/\/drop-fb.com\/en\/wp-json\/wp\/v2\/comments?post=1312"}],"version-history":[{"count":11,"href":"https:\/\/drop-fb.com\/en\/wp-json\/wp\/v2\/pages\/1312\/revisions"}],"predecessor-version":[{"id":1332,"href":"https:\/\/drop-fb.com\/en\/wp-json\/wp\/v2\/pages\/1312\/revisions\/1332"}],"wp:attachment":[{"href":"https:\/\/drop-fb.com\/en\/wp-json\/wp\/v2\/media?parent=1312"}],"curies":[{"name":"wp","href":"https:\/\/api.w.org\/{rel}","templated":true}]}}