{"id":354,"date":"2025-01-23T09:34:41","date_gmt":"2025-01-23T08:34:41","guid":{"rendered":"https:\/\/drop-fb.com\/?page_id=354"},"modified":"2026-03-09T20:19:47","modified_gmt":"2026-03-09T19:19:47","slug":"kontakt","status":"publish","type":"page","link":"https:\/\/drop-fb.com\/en\/kontakt\/","title":{"rendered":"Kontakt"},"content":{"rendered":"\t\t<div data-elementor-type=\"wp-page\" data-elementor-id=\"354\" class=\"elementor elementor-354\" data-elementor-post-type=\"page\">\n\t\t\t\t<div class=\"elementor-element elementor-element-1fcb5b8 e-flex e-con-boxed e-con e-parent\" data-id=\"1fcb5b8\" data-element_type=\"container\" data-e-type=\"container\">\n\t\t\t\t\t<div class=\"e-con-inner\">\n\t\t\t\t<div class=\"elementor-element elementor-element-233eab6 elementor-widget elementor-widget-heading\" data-id=\"233eab6\" data-element_type=\"widget\" data-e-type=\"widget\" data-widget_type=\"heading.default\">\n\t\t\t\t<div class=\"elementor-widget-container\">\n\t\t\t\t\t<h1 class=\"elementor-heading-title elementor-size-default\">Kontakt<\/h1>\t\t\t\t<\/div>\n\t\t\t\t<\/div>\n\t\t\t\t<div class=\"elementor-element elementor-element-d8e8118 elementor-widget elementor-widget-heading\" data-id=\"d8e8118\" data-element_type=\"widget\" data-e-type=\"widget\" data-widget_type=\"heading.default\">\n\t\t\t\t<div class=\"elementor-widget-container\">\n\t\t\t\t\t<h2 class=\"elementor-heading-title elementor-size-default\">Kontaktiere uns \u2013 Wir freuen uns auf deine Nachricht!<\/h2>\t\t\t\t<\/div>\n\t\t\t\t<\/div>\n\t\t\t\t<div class=\"elementor-element elementor-element-4e5b0c2 elementor-widget elementor-widget-text-editor\" data-id=\"4e5b0c2\" data-element_type=\"widget\" data-e-type=\"widget\" data-widget_type=\"text-editor.default\">\n\t\t\t\t<div class=\"elementor-widget-container\">\n\t\t\t\t\t\t\t\t\t<p>Hast du Fragen, Anregungen oder ben\u00f6tigst du Unterst\u00fctzung? Wir freuen uns, von dir zu h\u00f6ren! Unsere Experten stehen dir mit Rat und Tat zur Seite, um dir bestm\u00f6glich zu helfen.<\/p><p>Egal, ob es um unsere Produkte, Dienstleistungen oder allgemeine Informationen geht \u2013 \u00fcber das untenstehende Kontaktformular kannst du uns schnell und unkompliziert erreichen. Wir bem\u00fchen uns, dir so schnell wie m\u00f6glich zu antworten, damit du die Antworten bekommst, die du ben\u00f6tigst.<\/p><p><strong>Warum du uns kontaktieren solltest:<\/strong><\/p><ul><li><strong>Schnelle und unkomplizierte Hilfe<\/strong> bei Fragen zu unseren Produkten und Dienstleistungen<\/li><li><strong>Individuelle Beratung<\/strong> \u2013 Wir gehen auf deine speziellen Bed\u00fcrfnisse ein<\/li><li><strong>Feedback und Verbesserungsvorschl\u00e4ge<\/strong> \u2013 Wir sch\u00e4tzen deine Meinung und m\u00f6chten uns stetig verbessern<br \/><br \/><\/li><\/ul><p>Wir legen gro\u00dfen Wert auf Kundenzufriedenheit und m\u00f6chten sicherstellen, dass du die bestm\u00f6gliche Erfahrung mit uns machst. Deine Anfrage wird mit h\u00f6chster Priorit\u00e4t behandelt.<\/p><p>\u00a0<\/p>\t\t\t\t\t\t\t\t<\/div>\n\t\t\t\t<\/div>\n\t\t\t\t<div class=\"elementor-element elementor-element-5078b79 elementor-widget elementor-widget-heading\" data-id=\"5078b79\" data-element_type=\"widget\" data-e-type=\"widget\" data-widget_type=\"heading.default\">\n\t\t\t\t<div class=\"elementor-widget-container\">\n\t\t\t\t\t<h3 class=\"elementor-heading-title elementor-size-default\">F\u00fclle einfach das Formular aus und wir melden uns in K\u00fcrze bei dir.<\/h3>\t\t\t\t<\/div>\n\t\t\t\t<\/div>\n\t\t\t\t<div class=\"elementor-element elementor-element-c23b4ba elementor-button-align-stretch elementor-widget elementor-widget-form\" data-id=\"c23b4ba\" data-element_type=\"widget\" data-e-type=\"widget\" data-settings=\"{&quot;step_next_label&quot;:&quot;N\\u00e4chster&quot;,&quot;step_previous_label&quot;:&quot;Voriger&quot;,&quot;button_width&quot;:&quot;100&quot;,&quot;step_type&quot;:&quot;number_text&quot;,&quot;step_icon_shape&quot;:&quot;circle&quot;}\" data-widget_type=\"form.default\">\n\t\t\t\t<div class=\"elementor-widget-container\">\n\t\t\t\t\t    <script>\r\n    jQuery(document).ready(function() {\r\n      jQuery(\".elementor-form\").on('submit', function() {\r\n        var submittedForm = jQuery(this);\r\n        setTimeout(function() {\r\n          var turnstileElement = submittedForm.find('.cf-turnstile');\r\n          if (turnstileElement.length > 0) {\r\n            var uniqueId = 'cf-turnstile-elementor-' + new Date().getTime();\r\n            turnstileElement.attr('id', uniqueId);\r\n            turnstile.reset('#' + uniqueId);\r\n          }\r\n        }, 2500);\r\n      });\r\n    });\r\n    <\/script>\r\n        \t\t<form class=\"elementor-form\" method=\"post\" name=\"Neues Formular\" aria-label=\"Neues Formular\">\n\t\t\t<input type=\"hidden\" name=\"post_id\" value=\"354\"\/>\n\t\t\t<input type=\"hidden\" name=\"form_id\" value=\"c23b4ba\"\/>\n\t\t\t<input type=\"hidden\" name=\"referer_title\" value=\"Drop Fingerboarding\" \/>\n\n\t\t\t\n\t\t\t<div class=\"elementor-form-fields-wrapper elementor-labels-\">\n\t\t\t\t\t\t\t\t<div class=\"elementor-field-type-text elementor-field-group elementor-column elementor-field-group-name elementor-col-100\">\n\t\t\t\t\t\t\t\t\t\t\t\t<label for=\"form-field-name\" class=\"elementor-field-label elementor-screen-only\">\n\t\t\t\t\t\t\t\tName\t\t\t\t\t\t\t<\/label>\n\t\t\t\t\t\t\t\t\t\t\t\t\t\t<input size=\"1\" type=\"text\" name=\"form_fields[name]\" id=\"form-field-name\" class=\"elementor-field elementor-size-sm  elementor-field-textual\" placeholder=\"Name\">\n\t\t\t\t\t\t\t\t\t\t\t<\/div>\n\t\t\t\t\t\t\t\t<div class=\"elementor-field-type-email elementor-field-group elementor-column elementor-field-group-email elementor-col-100 elementor-field-required\">\n\t\t\t\t\t\t\t\t\t\t\t\t<label for=\"form-field-email\" class=\"elementor-field-label elementor-screen-only\">\n\t\t\t\t\t\t\t\tE-Mail\t\t\t\t\t\t\t<\/label>\n\t\t\t\t\t\t\t\t\t\t\t\t\t\t<input size=\"1\" type=\"email\" name=\"form_fields[email]\" id=\"form-field-email\" class=\"elementor-field elementor-size-sm  elementor-field-textual\" placeholder=\"E-Mail\" required=\"required\">\n\t\t\t\t\t\t\t\t\t\t\t<\/div>\n\t\t\t\t\t\t\t\t<div class=\"elementor-field-type-textarea elementor-field-group elementor-column elementor-field-group-message elementor-col-100\">\n\t\t\t\t\t\t\t\t\t\t\t\t<label for=\"form-field-message\" class=\"elementor-field-label elementor-screen-only\">\n\t\t\t\t\t\t\t\tNachricht\t\t\t\t\t\t\t<\/label>\n\t\t\t\t\t\t<textarea class=\"elementor-field-textual elementor-field  elementor-size-sm\" name=\"form_fields[message]\" id=\"form-field-message\" rows=\"4\" placeholder=\"Nachricht\"><\/textarea>\t\t\t\t<\/div>\n\t\t\t\t\t\t\t\t<div class=\"elementor-field-type-acceptance elementor-field-group elementor-column elementor-field-group-field_49eb87c elementor-col-100\">\n\t\t\t\t\t\t\t<div class=\"elementor-field-subgroup\">\n\t\t\t<span class=\"elementor-field-option\">\n\t\t\t\t<input type=\"checkbox\" name=\"form_fields[field_49eb87c]\" id=\"form-field-field_49eb87c\" class=\"elementor-field elementor-size-sm  elementor-acceptance-field\">\n\t\t\t\t<label for=\"form-field-field_49eb87c\">Ich nehme zur Kenntnis, dass meine Daten  bis zu \n 6 Monate gespeichert werden.  <a href=\"\/datenschutzerklaerung\" target = \"_blanc\" > Datenschutz<\/a<\/label>\t\t\t<\/span>\n\t\t<\/div>\n\t\t\t\t\t\t<\/div>\n\t\t\t\t\t\t\t\t<div class=\"elementor-field-group elementor-column elementor-field-type-submit elementor-col-100 e-form__buttons\">\n\t\t\t\t\t<div class='elementor-turnstile-field' style='display: block;margin-top: 10px;width: 100%;'>\t\t<div id=\"cf-turnstile-elementor-3143696558\"\r\n\t\tclass=\"cf-turnstile\" \t\tdata-sitekey=\"0x4AAAAAABgvqWtaOaSQMB6B\"\r\n\t\tdata-theme=\"light\"\r\n\t\tdata-language=\"auto\"\r\n\t\tdata-size=\"normal\"\r\n\t\tdata-retry=\"auto\" data-retry-interval=\"1000\"\r\n\t\tdata-action=\"elementor-3143696558\"\r\n\t\t\t\tdata-appearance=\"always\"><\/div>\r\n\t\t\t<script>document.addEventListener(\"DOMContentLoaded\", function() { setTimeout(function(){ var e=document.getElementById(\"cf-turnstile-elementor-3143696558\"); e&&!e.innerHTML.trim()&&(turnstile.remove(\"#cf-turnstile-elementor-3143696558\"), turnstile.render(\"#cf-turnstile-elementor-3143696558\", {sitekey:\"0x4AAAAAABgvqWtaOaSQMB6B\"})); }, 0); });<\/script>\r\n\t\t\t<br class=\"cf-turnstile-br cf-turnstile-br-elementor-3143696558\">\r\n\t\t\t\t<style>#cf-turnstile-elementor-3143696558 { margin-left: -15px; }<\/style>\r\n\t\t<\/div><br\/><button class=\"elementor-button elementor-size-sm\" type=\"submit\">\n\t\t\t\t\t\t<span class=\"elementor-button-content-wrapper\">\n\t\t\t\t\t\t\t\t\t\t\t\t\t\t\t\t\t\t\t\t\t\t<span class=\"elementor-button-text\">Senden<\/span>\n\t\t\t\t\t\t\t\t\t\t\t\t\t<\/span>\n\t\t\t\t\t<\/button>\n\t\t\t\t<\/div>\n\t\t\t<\/div>\n\t\t<\/form>\n\t\t\t\t\t\t<\/div>\n\t\t\t\t<\/div>\n\t\t\t\t\t<\/div>\n\t\t\t\t<\/div>\n\t\t\t\t<\/div>\n\t\t","protected":false},"excerpt":{"rendered":"<p>Kontakt Kontaktiere uns \u2013 Wir freuen uns auf deine Nachricht! Hast du Fragen, Anregungen oder ben\u00f6tigst du Unterst\u00fctzung? Wir freuen uns, von dir zu h\u00f6ren! Unsere Experten stehen dir mit Rat und Tat zur Seite, um dir bestm\u00f6glich zu helfen. Egal, ob es um unsere Produkte, Dienstleistungen oder allgemeine Informationen geht \u2013 \u00fcber das untenstehende [&hellip;]<\/p>\n","protected":false},"author":5,"featured_media":0,"parent":0,"menu_order":0,"comment_status":"closed","ping_status":"closed","template":"","meta":{"footnotes":""},"class_list":["post-354","page","type-page","status-publish","hentry"],"yoast_head":"<!-- This site is optimized with the Yoast SEO plugin v27.4 - https:\/\/yoast.com\/product\/yoast-seo-wordpress\/ -->\n<title>Fingerboard Community \u00d6sterreich | Kontakt | Drop Fingerboarding<\/title>\n<meta name=\"description\" content=\"Schreib uns bei Fragen zu Fingerboard Blog, Guides, Community, Events oder Kooperationen \u2013 wir freuen uns auf deine Nachricht, Anruf, usw.\" \/>\n<meta name=\"robots\" content=\"index, follow, max-snippet:-1, max-image-preview:large, max-video-preview:-1\" \/>\n<link rel=\"canonical\" href=\"https:\/\/drop-fb.com\/en\/kontakt\/\" \/>\n<meta property=\"og:locale\" content=\"en_GB\" \/>\n<meta property=\"og:type\" content=\"article\" \/>\n<meta property=\"og:title\" content=\"Fingerboard Community \u00d6sterreich | Kontakt | Drop Fingerboarding\" \/>\n<meta property=\"og:description\" content=\"Schreib uns bei Fragen zu Fingerboard Blog, Guides, Community, Events oder Kooperationen \u2013 wir freuen uns auf deine Nachricht, Anruf, usw.\" \/>\n<meta property=\"og:url\" content=\"https:\/\/drop-fb.com\/en\/kontakt\/\" \/>\n<meta property=\"og:site_name\" content=\"Drop Fingerboarding\" \/>\n<meta property=\"article:modified_time\" content=\"2026-03-09T19:19:47+00:00\" \/>\n<meta name=\"twitter:card\" content=\"summary_large_image\" \/>\n<meta name=\"twitter:label1\" content=\"Estimated reading time\" \/>\n\t<meta name=\"twitter:data1\" content=\"1 minute\" \/>\n<script type=\"application\/ld+json\" class=\"yoast-schema-graph\">{\"@context\":\"https:\\\/\\\/schema.org\",\"@graph\":[{\"@type\":\"WebPage\",\"@id\":\"https:\\\/\\\/drop-fb.com\\\/kontakt\\\/\",\"url\":\"https:\\\/\\\/drop-fb.com\\\/kontakt\\\/\",\"name\":\"Fingerboard Community \u00d6sterreich | Kontakt | Drop Fingerboarding\",\"isPartOf\":{\"@id\":\"https:\\\/\\\/drop-fb.com\\\/#website\"},\"datePublished\":\"2025-01-23T08:34:41+00:00\",\"dateModified\":\"2026-03-09T19:19:47+00:00\",\"description\":\"Schreib uns bei Fragen zu Fingerboard Blog, Guides, Community, Events oder Kooperationen \u2013 wir freuen uns auf deine Nachricht, Anruf, usw.\",\"breadcrumb\":{\"@id\":\"https:\\\/\\\/drop-fb.com\\\/kontakt\\\/#breadcrumb\"},\"inLanguage\":\"en-GB\",\"potentialAction\":[{\"@type\":\"ReadAction\",\"target\":[\"https:\\\/\\\/drop-fb.com\\\/kontakt\\\/\"]}]},{\"@type\":\"BreadcrumbList\",\"@id\":\"https:\\\/\\\/drop-fb.com\\\/kontakt\\\/#breadcrumb\",\"itemListElement\":[{\"@type\":\"ListItem\",\"position\":1,\"name\":\"Home\",\"item\":\"https:\\\/\\\/drop-fb.com\\\/\"},{\"@type\":\"ListItem\",\"position\":2,\"name\":\"Kontakt\"}]},{\"@type\":\"WebSite\",\"@id\":\"https:\\\/\\\/drop-fb.com\\\/#website\",\"url\":\"https:\\\/\\\/drop-fb.com\\\/\",\"name\":\"Drop Fingerboarding\",\"description\":\"Nummer #1 Anlaufstelle in \u00d6sterreich f\u00fcr Fingerboarding\",\"publisher\":{\"@id\":\"https:\\\/\\\/drop-fb.com\\\/#organization\"},\"potentialAction\":[{\"@type\":\"SearchAction\",\"target\":{\"@type\":\"EntryPoint\",\"urlTemplate\":\"https:\\\/\\\/drop-fb.com\\\/?s={search_term_string}\"},\"query-input\":{\"@type\":\"PropertyValueSpecification\",\"valueRequired\":true,\"valueName\":\"search_term_string\"}}],\"inLanguage\":\"en-GB\"},{\"@type\":\"Organization\",\"@id\":\"https:\\\/\\\/drop-fb.com\\\/#organization\",\"name\":\"Drop Fingerboarding\",\"url\":\"https:\\\/\\\/drop-fb.com\\\/\",\"logo\":{\"@type\":\"ImageObject\",\"inLanguage\":\"en-GB\",\"@id\":\"https:\\\/\\\/drop-fb.com\\\/#\\\/schema\\\/logo\\\/image\\\/\",\"url\":\"https:\\\/\\\/drop-fb.com\\\/wp-content\\\/uploads\\\/drop-logo-scaled.jpg\",\"contentUrl\":\"https:\\\/\\\/drop-fb.com\\\/wp-content\\\/uploads\\\/drop-logo-scaled.jpg\",\"width\":2560,\"height\":2560,\"caption\":\"Drop Fingerboarding\"},\"image\":{\"@id\":\"https:\\\/\\\/drop-fb.com\\\/#\\\/schema\\\/logo\\\/image\\\/\"}}]}<\/script>\n<!-- \/ Yoast SEO plugin. -->","yoast_head_json":{"title":"Fingerboard Community \u00d6sterreich | Kontakt | Drop Fingerboarding","description":"Schreib uns bei Fragen zu Fingerboard Blog, Guides, Community, Events oder Kooperationen \u2013 wir freuen uns auf deine Nachricht, Anruf, usw.","robots":{"index":"index","follow":"follow","max-snippet":"max-snippet:-1","max-image-preview":"max-image-preview:large","max-video-preview":"max-video-preview:-1"},"canonical":"https:\/\/drop-fb.com\/en\/kontakt\/","og_locale":"en_GB","og_type":"article","og_title":"Fingerboard Community \u00d6sterreich | Kontakt | Drop Fingerboarding","og_description":"Schreib uns bei Fragen zu Fingerboard Blog, Guides, Community, Events oder Kooperationen \u2013 wir freuen uns auf deine Nachricht, Anruf, usw.","og_url":"https:\/\/drop-fb.com\/en\/kontakt\/","og_site_name":"Drop Fingerboarding","article_modified_time":"2026-03-09T19:19:47+00:00","twitter_card":"summary_large_image","twitter_misc":{"Estimated reading time":"1 minute"},"schema":{"@context":"https:\/\/schema.org","@graph":[{"@type":"WebPage","@id":"https:\/\/drop-fb.com\/kontakt\/","url":"https:\/\/drop-fb.com\/kontakt\/","name":"Fingerboard Community \u00d6sterreich | Kontakt | Drop Fingerboarding","isPartOf":{"@id":"https:\/\/drop-fb.com\/#website"},"datePublished":"2025-01-23T08:34:41+00:00","dateModified":"2026-03-09T19:19:47+00:00","description":"Schreib uns bei Fragen zu Fingerboard Blog, Guides, Community, Events oder Kooperationen \u2013 wir freuen uns auf deine Nachricht, Anruf, usw.","breadcrumb":{"@id":"https:\/\/drop-fb.com\/kontakt\/#breadcrumb"},"inLanguage":"en-GB","potentialAction":[{"@type":"ReadAction","target":["https:\/\/drop-fb.com\/kontakt\/"]}]},{"@type":"BreadcrumbList","@id":"https:\/\/drop-fb.com\/kontakt\/#breadcrumb","itemListElement":[{"@type":"ListItem","position":1,"name":"Home","item":"https:\/\/drop-fb.com\/"},{"@type":"ListItem","position":2,"name":"Kontakt"}]},{"@type":"WebSite","@id":"https:\/\/drop-fb.com\/#website","url":"https:\/\/drop-fb.com\/","name":"Drop Fingerboarding","description":"Nummer #1 Anlaufstelle in \u00d6sterreich f\u00fcr Fingerboarding","publisher":{"@id":"https:\/\/drop-fb.com\/#organization"},"potentialAction":[{"@type":"SearchAction","target":{"@type":"EntryPoint","urlTemplate":"https:\/\/drop-fb.com\/?s={search_term_string}"},"query-input":{"@type":"PropertyValueSpecification","valueRequired":true,"valueName":"search_term_string"}}],"inLanguage":"en-GB"},{"@type":"Organization","@id":"https:\/\/drop-fb.com\/#organization","name":"Drop Fingerboarding","url":"https:\/\/drop-fb.com\/","logo":{"@type":"ImageObject","inLanguage":"en-GB","@id":"https:\/\/drop-fb.com\/#\/schema\/logo\/image\/","url":"https:\/\/drop-fb.com\/wp-content\/uploads\/drop-logo-scaled.jpg","contentUrl":"https:\/\/drop-fb.com\/wp-content\/uploads\/drop-logo-scaled.jpg","width":2560,"height":2560,"caption":"Drop Fingerboarding"},"image":{"@id":"https:\/\/drop-fb.com\/#\/schema\/logo\/image\/"}}]}},"_links":{"self":[{"href":"https:\/\/drop-fb.com\/en\/wp-json\/wp\/v2\/pages\/354","targetHints":{"allow":["GET"]}}],"collection":[{"href":"https:\/\/drop-fb.com\/en\/wp-json\/wp\/v2\/pages"}],"about":[{"href":"https:\/\/drop-fb.com\/en\/wp-json\/wp\/v2\/types\/page"}],"author":[{"embeddable":true,"href":"https:\/\/drop-fb.com\/en\/wp-json\/wp\/v2\/users\/5"}],"replies":[{"embeddable":true,"href":"https:\/\/drop-fb.com\/en\/wp-json\/wp\/v2\/comments?post=354"}],"version-history":[{"count":20,"href":"https:\/\/drop-fb.com\/en\/wp-json\/wp\/v2\/pages\/354\/revisions"}],"predecessor-version":[{"id":1354,"href":"https:\/\/drop-fb.com\/en\/wp-json\/wp\/v2\/pages\/354\/revisions\/1354"}],"wp:attachment":[{"href":"https:\/\/drop-fb.com\/en\/wp-json\/wp\/v2\/media?parent=354"}],"curies":[{"name":"wp","href":"https:\/\/api.w.org\/{rel}","templated":true}]}}