{"id":1105,"date":"2025-12-18T23:40:36","date_gmt":"2025-12-18T22:40:36","guid":{"rendered":"https:\/\/drop-fb.com\/?post_type=product&#038;p=1105"},"modified":"2026-04-14T22:04:58","modified_gmt":"2026-04-14T20:04:58","slug":"fingerboard","status":"publish","type":"product","link":"https:\/\/drop-fb.com\/en\/shop\/fingerboard\/","title":{"rendered":"Fingerboard Complete"},"content":{"rendered":"<div class=\"prose dark:prose-invert inline leading-relaxed break-words min-w-0 [word-break:break-word] prose-strong:font-medium [&amp;_&gt;*:first-child]:mt-0\">\n<div class=\"w-full md:max-w-[90vw]\">\n<div class=\"codeWrapper text-light selection:text-super selection:bg-super\/10 my-md relative flex flex-col rounded-lg font-mono text-sm font-normal bg-subtler\">\n<div class=\"translate-y-xs -translate-x-xs bottom-xl mb-xl flex h-0 items-start justify-end sm:sticky sm:top-xs\">\n<div class=\"overflow-hidden rounded-full border-subtlest ring-subtlest divide-subtlest bg-base\">\n<div class=\"border-subtlest ring-subtlest divide-subtlest bg-subtler\">\n<div class=\"flex items-center min-w-0 gap-two justify-center\">\n<div class=\"flex shrink-0 items-center justify-center size-4\">\n<h3><strong>Fingerboard \u201eDrop FB \u2013 Sticker Mania\u201c <\/strong><strong>Real-Wear <\/strong><strong>Graphic \u2013 Limitierte Edition!<\/strong><\/h3>\n<h4>Professionelles Complete Fingerboard: 33,6mm Deck + 34mm Achsen + Kugellagerrollen.<\/h4>\n<p>Mit limitierter Real-Wear \u201eSticker Mania\u201c Grafik \u2013 designed und geskatet von uns. Entwickelt von der OG-Fingerboard-Szene aus Fingaspeak-Zeiten seit 2005 und gebaut f\u00fcr alle, die das Hobby ernst nehmen. Du kannst insgesamt aus 3 verschiedenen Wheel-Farben ausw\u00e4hlen: Wei\u00df, Gelb und Schwarz.<br \/>\nManche konnten 2025 in der DROP x Blackriver Fingerboard-Arena auf dem Gr\u00fcnland Festival vereinzelt ein paar Drop Fingerboards ergattern und das Feedback nach ein paar Tricks: &#8222;Das Setup ist wirklich gelungen und sieht einfach richtig gut aus!&#8220;<\/p>\n<p><strong>Specs:<\/strong><br \/>\n&#8211; Real-Wear Grafik \u2013 nutzt sich realistisch beim Sliden ab<br \/>\n&#8211; Soft Foamtape &#8222;Riptape&#8220; \u2013 perfekter Grip und Komfort<br \/>\n&#8211; Kugellagerrollen \u2013 smooth &amp; schnell<br \/>\n&#8211; Lenkbare Achsen \u2013 echtes Skate-Feeling mit richtigen Bushings<br \/>\n&#8211; Tool inklusive \u2013 ready to shred<br \/>\n&#8211; Deck 100\u202f% handgemacht in \u00d6sterreich, Grafik von Fabian entworfen und das Deck von Michael<br \/>\n&#8211; Nachhaltige Verpackung in Bienenwaben-Optik handgemacht von Mattia aus Italien, N\u00e4he Bologna.<\/p>\n<p><strong><a href=\"https:\/\/drop-fb.com\/#drop\" target=\"_blank\" rel=\"noopener\">Unsere Mission<\/a>:<\/strong> Ein Fingerboard, das sich so real wie m\u00f6glich anf\u00fchlt und trotzdem leistbar bleibt.<br \/>\nEgal ob Anf\u00e4nger oder Pro \u2013 dieses Setup liefert echte Performance zum super fairen Preis.<\/p>\n<\/div>\n<p>Dieses Fingerboard Komplett-Set ist perfekt, wenn du als Beginner direkt mit einem ernstzunehmenden Setup starten willst. Jetzt schnell zuschlagen!<\/p>\n<div class=\"flex shrink-0 items-center justify-center size-4\">\n<p>\u26a0\ufe0f<em> Limited Stock \u2013 die letzten 5\u202fSt\u00fcck sind noch verf\u00fcgbar!<\/em><\/p>\n<\/div>\n<p>Kennst du schon unseren <a href=\"https:\/\/drop-fb.com\/fingerboard-kaufen\/\" target=\"_blank\" rel=\"noopener\">ultimativen Fingerboard Guide 2026 &#8211; Der Weg zu deinem perfekten Setup<\/a>?<\/p>\n<\/div>\n<p>Dein Fingerboard Online-Shop f\u00fcr hochwertige, handgemachte Fingerskateboards, Komplettsets und Zubeh\u00f6r \u2013 gebaut von Fingerboarder f\u00fcr Fingerboarder, mit Fokus auf echten Skate-Style im Mini-Format. Hier findest du Fingerboard Komplettsets f\u00fcr Einsteiger und Pros \u2013 mit farblich abgestimmten Wheels, stabilen Pop und Tool, ready to shred out of the box.<\/p>\n<div class=\"flex items-center min-w-0 gap-two justify-center\">\n<h3><strong><img fetchpriority=\"high\" decoding=\"async\" class=\"alignnone size-medium wp-image-1203\" src=\"https:\/\/drop-fb.com\/wp-content\/uploads\/Guetesiegel-Onlineshop-Drop-300x280.png\" alt=\"\u00d6sterreichischer Onlineshop G\u00fctesiegel\" width=\"300\" height=\"280\" srcset=\"https:\/\/drop-fb.com\/wp-content\/uploads\/Guetesiegel-Onlineshop-Drop-300x280.png 300w, https:\/\/drop-fb.com\/wp-content\/uploads\/Guetesiegel-Onlineshop-Drop-1024x954.png 1024w, https:\/\/drop-fb.com\/wp-content\/uploads\/Guetesiegel-Onlineshop-Drop-768x716.png 768w, https:\/\/drop-fb.com\/wp-content\/uploads\/Guetesiegel-Onlineshop-Drop-600x559.png 600w, https:\/\/drop-fb.com\/wp-content\/uploads\/Guetesiegel-Onlineshop-Drop.png 1142w\" sizes=\"(max-width: 300px) 100vw, 300px\" \/><\/strong><\/h3>\n<\/div>\n<\/div>\n<\/div>\n<\/div>\n<\/div>\n<\/div>\n<\/div>\n<p>&nbsp;<\/p>\n<p>Beliebte Suchbegriffe: <a href=\"https:\/\/www.blackriver-shop.com\/fingerboard-ramps\/\" target=\"_blank\" rel=\"noopener\">fingerboard obstacles<\/a> \u2013 <a href=\"https:\/\/www.blackriver-shop.com\/fingerboard-ramps\/blackriver-ramps\/\" target=\"_blank\" rel=\"noopener\">fingerboard rampen<\/a> \u2013 <a href=\"https:\/\/www.blackriver-shop.com\/fingerboard-ramps\/blackriver-rails\/\" target=\"_blank\" rel=\"noopener\">fingerboard rail<\/a> \u2013 fingerboard curb \u2013 fingerboard skatepark \u2013 fingerboard park \u2013 fingerboard tricks f\u00fcr anf\u00e4nger \u2013 fingerboard tutorial \u2013 <a href=\"http:\/\/youtube.com\/@letyourfingazspeak\/\" target=\"_blank\" rel=\"noopener\">fingerboard video<\/a> \u2013 fingerboard community \u2013 <a href=\"https:\/\/drop-fb.com\/event-recap\/\" target=\"_blank\" rel=\"noopener\">fingerboard events<\/a> \u2013 fingerboard contest \u2013 fingerboard session \u2013 fingerboard spots \u2013 <a href=\"https:\/\/drop-fb.com\/fingerboarding-oesterreich\/\" target=\"_blank\" rel=\"noopener\">fingerboard szene \u00f6sterreich<\/a> \u2013 <a href=\"https:\/\/drop-fb.com\/#blog\" target=\"_blank\" rel=\"noopener\">fingerboard blog<\/a> \u2013 <a href=\"https:\/\/forum.fingerboard.de\" target=\"_blank\" rel=\"noopener\">fingerboard news<\/a> \u2013 fingerboard marken \u2013 fingerboard geschenk \u2013 fingerboard geschenkidee \u2013 <a href=\"https:\/\/drop-fb.com\/fingerboarding-feinmotorik\/\" target=\"_blank\" rel=\"noopener\">fingerboard f\u00fcr kinder<\/a> \u2013 fingerboard f\u00fcr erwachsene \u2013 pro fingerboard setup \u2013 fingerboard upgrade \u2013 fingerboard tuning set<\/p>\n","protected":false},"excerpt":{"rendered":"<p>Professionelles, handgemachtes Fingerboard aus \u00d6sterreich mit Real-Wear \u201eSticker Mania\u201c Grafik, nicen Riptape, smoothen Kugellagerrollen und lenkbaren Achsen. Vertraue auf die echte Fingerboard-Szene, Fingaspeak Roots, fingerboarding seit 2005.<\/p>","protected":false},"featured_media":1204,"comment_status":"open","ping_status":"closed","template":"","meta":[],"product_brand":[],"product_cat":[31],"product_tag":[26,32,27],"class_list":{"0":"post-1105","1":"product","2":"type-product","3":"status-publish","4":"has-post-thumbnail","6":"product_cat-fingerboards","7":"product_tag-fingerboard","8":"product_tag-fuer-einsteiger-profis","9":"product_tag-komplettset","11":"first","12":"instock","13":"shipping-taxable","14":"purchasable","15":"product-type-variable","16":"has-default-attributes"},"yoast_head":"<!-- This site is optimized with the Yoast SEO plugin v27.4 - https:\/\/yoast.com\/product\/yoast-seo-wordpress\/ -->\n<title>Fingerboard Komplettset online kaufen | Premium Fingerboard<\/title>\n<meta name=\"description\" content=\"Fingerboard f\u00fcr Anf\u00e4nger &amp; Profis, Premium Handwerk: \u2713 Real-Wear Grafik \u2713 Riptape \u2713 Kugellagerrollen. Jetzt dein Fingerboard sicher online kaufen!\" \/>\n<meta name=\"robots\" content=\"index, follow, max-snippet:-1, max-image-preview:large, max-video-preview:-1\" \/>\n<link rel=\"canonical\" href=\"https:\/\/drop-fb.com\/en\/shop\/fingerboard\/\" \/>\n<meta property=\"og:locale\" content=\"en_GB\" \/>\n<meta property=\"og:type\" content=\"article\" \/>\n<meta property=\"og:title\" content=\"Fingerboard Komplettset online kaufen | Einsteiger Fingerboard\" \/>\n<meta property=\"og:description\" content=\"Fingerboard f\u00fcr Einsteiger \u2013 handgemacht in \u00d6sterreich mit: \u2713 Real-Wear Grafik \u2713 Riptape \u2713 Kugellagerrollen. Jetzt dein Fingerboard sicher online kaufen!\" \/>\n<meta property=\"og:url\" content=\"https:\/\/drop-fb.com\/en\/shop\/fingerboard\/\" \/>\n<meta property=\"og:site_name\" content=\"Drop Fingerboarding\" \/>\n<meta property=\"article:modified_time\" content=\"2026-04-14T20:04:58+00:00\" \/>\n<meta property=\"og:image\" content=\"https:\/\/drop-fb.com\/wp-content\/uploads\/drop-fingerboard-verpackung.jpg\" \/>\n\t<meta property=\"og:image:width\" content=\"1792\" \/>\n\t<meta property=\"og:image:height\" content=\"2304\" \/>\n\t<meta property=\"og:image:type\" content=\"image\/jpeg\" \/>\n<meta name=\"twitter:card\" content=\"summary_large_image\" \/>\n<meta name=\"twitter:title\" content=\"Fingerboard Komplettset online kaufen | Einsteiger Fingerboard\" \/>\n<meta name=\"twitter:description\" content=\"Fingerboard f\u00fcr Einsteiger \u2013 handgemacht in \u00d6sterreich mit: \u2713 Real-Wear Grafik \u2713 Riptape \u2713 Kugellagerrollen. Jetzt dein Fingerboard sicher online kaufen!\" \/>\n<meta name=\"twitter:image\" content=\"https:\/\/drop-fb.com\/wp-content\/uploads\/drop-fingerboard-verpackung.jpg\" \/>\n<meta name=\"twitter:label1\" content=\"Estimated reading time\" \/>\n\t<meta name=\"twitter:data1\" content=\"3 minutes\" \/>\n<script type=\"application\/ld+json\" class=\"yoast-schema-graph\">{\"@context\":\"https:\\\/\\\/schema.org\",\"@graph\":[{\"@type\":\"WebPage\",\"@id\":\"https:\\\/\\\/drop-fb.com\\\/shop\\\/fingerboard\\\/\",\"url\":\"https:\\\/\\\/drop-fb.com\\\/shop\\\/fingerboard\\\/\",\"name\":\"Fingerboard Komplettset online kaufen | Premium Fingerboard\",\"isPartOf\":{\"@id\":\"https:\\\/\\\/drop-fb.com\\\/#website\"},\"primaryImageOfPage\":{\"@id\":\"https:\\\/\\\/drop-fb.com\\\/shop\\\/fingerboard\\\/#primaryimage\"},\"image\":{\"@id\":\"https:\\\/\\\/drop-fb.com\\\/shop\\\/fingerboard\\\/#primaryimage\"},\"thumbnailUrl\":\"https:\\\/\\\/drop-fb.com\\\/wp-content\\\/uploads\\\/drop-fingerboard-verpackung.jpg\",\"datePublished\":\"2025-12-18T22:40:36+00:00\",\"dateModified\":\"2026-04-14T20:04:58+00:00\",\"description\":\"Fingerboard f\u00fcr Anf\u00e4nger & Profis, Premium Handwerk: \u2713 Real-Wear Grafik \u2713 Riptape \u2713 Kugellagerrollen. Jetzt dein Fingerboard sicher online kaufen!\",\"breadcrumb\":{\"@id\":\"https:\\\/\\\/drop-fb.com\\\/shop\\\/fingerboard\\\/#breadcrumb\"},\"inLanguage\":\"en-GB\",\"potentialAction\":[{\"@type\":\"ReadAction\",\"target\":[\"https:\\\/\\\/drop-fb.com\\\/shop\\\/fingerboard\\\/\"]}]},{\"@type\":\"ImageObject\",\"inLanguage\":\"en-GB\",\"@id\":\"https:\\\/\\\/drop-fb.com\\\/shop\\\/fingerboard\\\/#primaryimage\",\"url\":\"https:\\\/\\\/drop-fb.com\\\/wp-content\\\/uploads\\\/drop-fingerboard-verpackung.jpg\",\"contentUrl\":\"https:\\\/\\\/drop-fb.com\\\/wp-content\\\/uploads\\\/drop-fingerboard-verpackung.jpg\",\"width\":1792,\"height\":2304,\"caption\":\"Drop Fingerboard \\\"Sticker Mania\\\" Grafik mit Verpackung in Bienenwaben Optik\"},{\"@type\":\"BreadcrumbList\",\"@id\":\"https:\\\/\\\/drop-fb.com\\\/shop\\\/fingerboard\\\/#breadcrumb\",\"itemListElement\":[{\"@type\":\"ListItem\",\"position\":1,\"name\":\"Home\",\"item\":\"https:\\\/\\\/drop-fb.com\\\/\"},{\"@type\":\"ListItem\",\"position\":2,\"name\":\"Shop\",\"item\":\"https:\\\/\\\/drop-fb.com\\\/shop\\\/\"},{\"@type\":\"ListItem\",\"position\":3,\"name\":\"Fingerboard Komplettset\"}]},{\"@type\":\"WebSite\",\"@id\":\"https:\\\/\\\/drop-fb.com\\\/#website\",\"url\":\"https:\\\/\\\/drop-fb.com\\\/\",\"name\":\"Drop Fingerboarding\",\"description\":\"Nummer #1 Anlaufstelle in \u00d6sterreich f\u00fcr Fingerboarding\",\"publisher\":{\"@id\":\"https:\\\/\\\/drop-fb.com\\\/#organization\"},\"potentialAction\":[{\"@type\":\"SearchAction\",\"target\":{\"@type\":\"EntryPoint\",\"urlTemplate\":\"https:\\\/\\\/drop-fb.com\\\/?s={search_term_string}\"},\"query-input\":{\"@type\":\"PropertyValueSpecification\",\"valueRequired\":true,\"valueName\":\"search_term_string\"}}],\"inLanguage\":\"en-GB\"},{\"@type\":\"Organization\",\"@id\":\"https:\\\/\\\/drop-fb.com\\\/#organization\",\"name\":\"Drop Fingerboarding\",\"url\":\"https:\\\/\\\/drop-fb.com\\\/\",\"logo\":{\"@type\":\"ImageObject\",\"inLanguage\":\"en-GB\",\"@id\":\"https:\\\/\\\/drop-fb.com\\\/#\\\/schema\\\/logo\\\/image\\\/\",\"url\":\"https:\\\/\\\/drop-fb.com\\\/wp-content\\\/uploads\\\/drop-logo-scaled.jpg\",\"contentUrl\":\"https:\\\/\\\/drop-fb.com\\\/wp-content\\\/uploads\\\/drop-logo-scaled.jpg\",\"width\":2560,\"height\":2560,\"caption\":\"Drop Fingerboarding\"},\"image\":{\"@id\":\"https:\\\/\\\/drop-fb.com\\\/#\\\/schema\\\/logo\\\/image\\\/\"}}]}<\/script>\n<!-- \/ Yoast SEO plugin. -->","yoast_head_json":{"title":"Fingerboard Komplettset online kaufen | Premium Fingerboard","description":"Fingerboard f\u00fcr Anf\u00e4nger & Profis, Premium Handwerk: \u2713 Real-Wear Grafik \u2713 Riptape \u2713 Kugellagerrollen. Jetzt dein Fingerboard sicher online kaufen!","robots":{"index":"index","follow":"follow","max-snippet":"max-snippet:-1","max-image-preview":"max-image-preview:large","max-video-preview":"max-video-preview:-1"},"canonical":"https:\/\/drop-fb.com\/en\/shop\/fingerboard\/","og_locale":"en_GB","og_type":"article","og_title":"Fingerboard Komplettset online kaufen | Einsteiger Fingerboard","og_description":"Fingerboard f\u00fcr Einsteiger \u2013 handgemacht in \u00d6sterreich mit: \u2713 Real-Wear Grafik \u2713 Riptape \u2713 Kugellagerrollen. Jetzt dein Fingerboard sicher online kaufen!","og_url":"https:\/\/drop-fb.com\/en\/shop\/fingerboard\/","og_site_name":"Drop Fingerboarding","article_modified_time":"2026-04-14T20:04:58+00:00","og_image":[{"width":1792,"height":2304,"url":"https:\/\/drop-fb.com\/wp-content\/uploads\/drop-fingerboard-verpackung.jpg","type":"image\/jpeg"}],"twitter_card":"summary_large_image","twitter_title":"Fingerboard Komplettset online kaufen | Einsteiger Fingerboard","twitter_description":"Fingerboard f\u00fcr Einsteiger \u2013 handgemacht in \u00d6sterreich mit: \u2713 Real-Wear Grafik \u2713 Riptape \u2713 Kugellagerrollen. Jetzt dein Fingerboard sicher online kaufen!","twitter_image":"https:\/\/drop-fb.com\/wp-content\/uploads\/drop-fingerboard-verpackung.jpg","twitter_misc":{"Estimated reading time":"3 minutes"},"schema":{"@context":"https:\/\/schema.org","@graph":[{"@type":"WebPage","@id":"https:\/\/drop-fb.com\/shop\/fingerboard\/","url":"https:\/\/drop-fb.com\/shop\/fingerboard\/","name":"Fingerboard Komplettset online kaufen | Premium Fingerboard","isPartOf":{"@id":"https:\/\/drop-fb.com\/#website"},"primaryImageOfPage":{"@id":"https:\/\/drop-fb.com\/shop\/fingerboard\/#primaryimage"},"image":{"@id":"https:\/\/drop-fb.com\/shop\/fingerboard\/#primaryimage"},"thumbnailUrl":"https:\/\/drop-fb.com\/wp-content\/uploads\/drop-fingerboard-verpackung.jpg","datePublished":"2025-12-18T22:40:36+00:00","dateModified":"2026-04-14T20:04:58+00:00","description":"Fingerboard f\u00fcr Anf\u00e4nger & Profis, Premium Handwerk: \u2713 Real-Wear Grafik \u2713 Riptape \u2713 Kugellagerrollen. Jetzt dein Fingerboard sicher online kaufen!","breadcrumb":{"@id":"https:\/\/drop-fb.com\/shop\/fingerboard\/#breadcrumb"},"inLanguage":"en-GB","potentialAction":[{"@type":"ReadAction","target":["https:\/\/drop-fb.com\/shop\/fingerboard\/"]}]},{"@type":"ImageObject","inLanguage":"en-GB","@id":"https:\/\/drop-fb.com\/shop\/fingerboard\/#primaryimage","url":"https:\/\/drop-fb.com\/wp-content\/uploads\/drop-fingerboard-verpackung.jpg","contentUrl":"https:\/\/drop-fb.com\/wp-content\/uploads\/drop-fingerboard-verpackung.jpg","width":1792,"height":2304,"caption":"Drop Fingerboard \"Sticker Mania\" Grafik mit Verpackung in Bienenwaben Optik"},{"@type":"BreadcrumbList","@id":"https:\/\/drop-fb.com\/shop\/fingerboard\/#breadcrumb","itemListElement":[{"@type":"ListItem","position":1,"name":"Home","item":"https:\/\/drop-fb.com\/"},{"@type":"ListItem","position":2,"name":"Shop","item":"https:\/\/drop-fb.com\/shop\/"},{"@type":"ListItem","position":3,"name":"Fingerboard Komplettset"}]},{"@type":"WebSite","@id":"https:\/\/drop-fb.com\/#website","url":"https:\/\/drop-fb.com\/","name":"Drop Fingerboarding","description":"Nummer #1 Anlaufstelle in \u00d6sterreich f\u00fcr Fingerboarding","publisher":{"@id":"https:\/\/drop-fb.com\/#organization"},"potentialAction":[{"@type":"SearchAction","target":{"@type":"EntryPoint","urlTemplate":"https:\/\/drop-fb.com\/?s={search_term_string}"},"query-input":{"@type":"PropertyValueSpecification","valueRequired":true,"valueName":"search_term_string"}}],"inLanguage":"en-GB"},{"@type":"Organization","@id":"https:\/\/drop-fb.com\/#organization","name":"Drop Fingerboarding","url":"https:\/\/drop-fb.com\/","logo":{"@type":"ImageObject","inLanguage":"en-GB","@id":"https:\/\/drop-fb.com\/#\/schema\/logo\/image\/","url":"https:\/\/drop-fb.com\/wp-content\/uploads\/drop-logo-scaled.jpg","contentUrl":"https:\/\/drop-fb.com\/wp-content\/uploads\/drop-logo-scaled.jpg","width":2560,"height":2560,"caption":"Drop Fingerboarding"},"image":{"@id":"https:\/\/drop-fb.com\/#\/schema\/logo\/image\/"}}]}},"_links":{"self":[{"href":"https:\/\/drop-fb.com\/en\/wp-json\/wp\/v2\/product\/1105","targetHints":{"allow":["GET"]}}],"collection":[{"href":"https:\/\/drop-fb.com\/en\/wp-json\/wp\/v2\/product"}],"about":[{"href":"https:\/\/drop-fb.com\/en\/wp-json\/wp\/v2\/types\/product"}],"replies":[{"embeddable":true,"href":"https:\/\/drop-fb.com\/en\/wp-json\/wp\/v2\/comments?post=1105"}],"wp:featuredmedia":[{"embeddable":true,"href":"https:\/\/drop-fb.com\/en\/wp-json\/wp\/v2\/media\/1204"}],"wp:attachment":[{"href":"https:\/\/drop-fb.com\/en\/wp-json\/wp\/v2\/media?parent=1105"}],"wp:term":[{"taxonomy":"product_brand","embeddable":true,"href":"https:\/\/drop-fb.com\/en\/wp-json\/wp\/v2\/product_brand?post=1105"},{"taxonomy":"product_cat","embeddable":true,"href":"https:\/\/drop-fb.com\/en\/wp-json\/wp\/v2\/product_cat?post=1105"},{"taxonomy":"product_tag","embeddable":true,"href":"https:\/\/drop-fb.com\/en\/wp-json\/wp\/v2\/product_tag?post=1105"}],"curies":[{"name":"wp","href":"https:\/\/api.w.org\/{rel}","templated":true}]}}